{"id":1006,"date":"2022-01-24T18:57:44","date_gmt":"2022-01-24T17:57:44","guid":{"rendered":"https:\/\/events.esgrima.cat\/ciutatbarcelona\/?page_id=1006"},"modified":"2025-09-04T11:16:42","modified_gmt":"2025-09-04T09:16:42","slug":"information-2","status":"publish","type":"page","link":"https:\/\/events.esgrima.cat\/sabadell\/es\/information-2\/","title":{"rendered":"Informaci\u00f3n"},"content":{"rendered":"<p>[vc_row][vc_column][vc_tta_tabs color=\u00bbom-accent-color-3&#8243; active_section=\u00bb1&#8243;][vc_tta_section title=\u00bbSEDE\u00bb tab_id=\u00bb1642794906522-c4fbd178-7dda\u00bb][vc_column_text]<\/p>\n<h1>1. Sede de competici\u00f3n<\/h1>\n<p><a href=\"https:\/\/web.sabadell.cat\/index.php?option=com_content&amp;view=article&amp;id=7835&amp;Itemid=725\" target=\"_blank\" rel=\"noopener\">PABELL\u00d3N MUNICIPAL DE DEPORTES SABADELL<\/a><br \/>\nDirecci\u00f3n: Carrer de Sol i Padr\u00eds, 59<br \/>\n08203 \u2013 Sabadell (Sector Sant Oleguer)<br \/>\nTransporte p\u00fablico a las instalaciones de la competici\u00f3n: urban bus (www.tus.es)<\/p>\n<h5><\/h5>\n<p>[\/vc_column_text][vc_images_carousel images=\u00bb1507,1508,1509,1510&#8243; img_size=\u00bbfull\u00bb onclick=\u00bblink_no\u00bb slides_per_view=\u00bb2&#8243; autoplay=\u00bbyes\u00bb hide_pagination_control=\u00bbyes\u00bb wrap=\u00bbyes\u00bb][vc_column_text]<\/p>\n<h5>\u00a1IMPORTANTE!<\/h5>\n<p>La entrada a la sede de competici\u00f3n no estar\u00e1 permitida los d\u00edas previos antes de la competici\u00f3n.<\/p>\n<p>&nbsp;<\/p>\n<p>Habr\u00e1 servicio de bar disponible durante los d\u00edas de competici\u00f3n.[\/vc_column_text][vc_gmaps link=\u00bb#E-8_JTNDaWZyYW1lJTIwc3JjJTNEJTIyaHR0cHMlM0ElMkYlMkZ3d3cuZ29vZ2xlLmNvbSUyRm1hcHMlMkZlbWJlZCUzRnBiJTNEJTIxMW0xOCUyMTFtMTIlMjExbTMlMjExZDI5ODYuMzg5MDcwNjk4NzkyJTIxMmQyLjExNjY0OTIxNTE5ODk4MyUyMTNkNDEuNTM5MTcyMzk0NTM1MDY1JTIxMm0zJTIxMWYwJTIxMmYwJTIxM2YwJTIxM20yJTIxMWkxMDI0JTIxMmk3NjglMjE0ZjEzLjElMjEzbTMlMjExbTIlMjExczB4MTJhNDk1YTZlMjRmMDc2NSUyNTNBMHg1NjY0ZDllNTdjYTU3MjNhJTIxMnNQYWJlbGwlMjVDMyUyNUIzbiUyNTIwTXVuaWNpcGFsJTI1MjBEZSUyNTIwRGVwb3J0ZXMlMjE1ZTAlMjEzbTIlMjExc2VzJTIxMnNlcyUyMTR2MTY0NDA1OTkxMjkwMSUyMTVtMiUyMTFzZXMlMjEyc2VzJTIyJTIwd2lkdGglM0QlMjI2MDAlMjIlMjBoZWlnaHQlM0QlMjI0NTAlMjIlMjBzdHlsZSUzRCUyMmJvcmRlciUzQTAlM0IlMjIlMjBhbGxvd2Z1bGxzY3JlZW4lM0QlMjIlMjIlMjBsb2FkaW5nJTNEJTIybGF6eSUyMiUzRSUzQyUyRmlmcmFtZSUzRQ==\u00bb][\/vc_tta_section][vc_tta_section title=\u00bbTRANSPORTE\u00bb tab_id=\u00bb1642797218598-11df124d-57a0&#8243;][vc_column_text]<\/p>\n<h1>1.\u00a0Transporte entre hotel oficial y sede de competici\u00f3n<\/h1>\n<p>Desafortunadamente no habr\u00e1 este servicio disponible[\/vc_column_text][vc_column_text]<\/p>\n<h1><\/h1>\n<h1>2.Transporte entre aeropuerto y hotel oficial<\/h1>\n<p>Tendr\u00e9is que organizar el transporte desde el aeropuerto a Sabadell y de vuelta al aeropuerto por vuestros propios medios, confiando en cualquiera de las muchas compa\u00f1\u00edas de taxi que ofrecen servicios de transporte alrededor de Barcelona.<\/p>\n<p><span style=\"font-family: Georgia, 'Times New Roman', 'Bitstream Charter', Times, serif;\">Los taxis oficiales de Barcelona son amarillos y negros y est\u00e1n legalmente autorizados para cobrar las cantidades que indique su tax\u00edmetro. El trayecto del aeropuerto al hotel es de unos 45 minutos.<\/span><\/p>\n<p>&nbsp;<\/p>\n<div>\n<p><u><strong>OTRAS OPCIONES DE TRANSPORTE<\/strong><\/u><\/div>\n<p>Tambi\u00e9n ten\u00e9is disponible combinaciones de transporte p\u00fablico, que es m\u00e1s barato que el servicio de taxi, pero que lleva mucho tiempo:<\/p>\n<p>AEROBUS + TREN: es posible llegar a la sede de la competici\u00f3n con la siguiente combinaci\u00f3n de transporte p\u00fablico:<\/p>\n<p>1) Aerob\u00fas (aeropuerto \u2013 Barcelona, Pla\u00e7a Catalunya)<\/p>\n<p>2) Tren (una de las dos opciones):<\/p>\n<p>Ferrocarriles de la Generalitat de Catalunya l\u00ednea S2 Sabadell<\/p>\n<p>RENFE (Pla\u00e7a Catalunya \u2013 Sabadell Nord)[\/vc_column_text][\/vc_tta_section][vc_tta_section title=\u00bbHOTEL\u00bb tab_id=\u00bb1642798144203-3913aac5-783a\u00bb][vc_column_text]<\/p>\n<div>\n<p class=\"NormalFCE\"><span lang=\"CA\">Se pone a disposici\u00f3n dos hoteles con precio especial.\u00a0<\/span><u><span lang=\"CA\">Para hacer reserva es necesario contactar directamente con el hotel a trav\u00e9s de e-mail <\/span><\/u><span lang=\"CA\">e <\/span>indicando: d\u00edas de entrada y salida, cantidad de habitaciones, datos de la tarjeta de cr\u00e9dito y datos de facturaci\u00f3n<\/p>\n<\/div>\n<div>\n<p class=\"FCEText\"><span lang=\"CA\">Al hacer la reserva es necesario indicar en el asunto que se viene a la Copa del Mundo de Esgrima (\u00abESGRIMA\u00bb RESERVATION REQUEST) para que sean aplicados estos precios especiales<\/span><\/p>\n<\/div>\n<h1>1. Aparthotel Attica21 Vall\u00e8s (Sabadell) ***<\/h1>\n<p><img fetchpriority=\"high\" decoding=\"async\" class=\"lazyload alignnone wp-image-1525 size-medium\" src=\"data:image\/gif;base64,R0lGODlhAQABAAAAACH5BAEKAAEALAAAAAABAAEAAAICTAEAOw==\" data-src=\"https:\/\/events.esgrima.cat\/sabadell\/wp-content\/uploads\/2024\/09\/Attica21-300x200.jpg\" alt=\"\" width=\"300\" height=\"200\" \/><\/p>\n<p>C\/ Milena Jesenka\u00a040 \u2013 60<\/p>\n<p>08206 Sabadell<\/p>\n<p>TEL: + 34 937460498<\/p>\n<p><a href=\"https:\/\/www.attica21hotels.com\/aparthotel-attica21-valles\/\">https:\/\/www.attica21hotels.com\/aparthotel-attica21-valles\/<\/a><\/p>\n<p><a href=\"mailto:reservas2.aparthotelvalles@attica21hotels.com\">reservas2.aparthotelvalles@attica21hotels.com<\/a><\/p>\n<p>Precio habitaci\u00f3n doble de uso individual + desayuno:\u00a0 \u00a0 \u00a0 \u00a0 \u00a0 \u00a090\u20ac (10% VAT incluido)<\/p>\n<p>Precio de habitaci\u00f3n doble + desayuno:\u00a0 \u00a0 \u00a0 \u00a0 \u00a0 \u00a0 \u00a0 \u00a0 \u00a0 \u00a0 \u00a0 \u00a0 \u00a0 \u00a0 \u00a0 \u00a0 \u00a0 \u00a0 100\u20ac (10% VAT incluido)<\/p>\n<p>Precio de habitaci\u00f3n triple + desayuno:\u00a0 \u00a0 \u00a0 \u00a0 \u00a0 \u00a0 \u00a0 \u00a0 \u00a0 \u00a0 \u00a0 \u00a0 \u00a0 \u00a0 \u00a0 \u00a0 \u00a0 \u00a0140\u20ac (10% VAT incluido)<\/p>\n<p>Tasa tur\u00edstica no incluida (0,66\u20ac\/persona\/noche)<\/p>\n<p><em>Servicios incluidos: <\/em>Parking y wifi<\/p>\n<p>&nbsp;<\/p>\n<p><strong><u>Procedimiento de reserva: <\/u><\/strong><\/p>\n<p>Las reservas deber\u00e1n realizarse enviando un e-mail directo al hotel a <a href=\"mailto:reservas2.aparthotelvalles@attica21hotels.com\">reservas2.aparthotelvalles@attica21hotels.com<\/a> especificando fechas (llegada y salida), n\u00famero de habitaciones, etc.<\/p>\n<p>&nbsp;[\/vc_column_text][vc_column_text]<\/p>\n<h1><\/h1>\n<h1>2. Catalonia Gran Hotel Verdi (Sabadell) ****<\/h1>\n<p><img decoding=\"async\" class=\"lazyload alignnone wp-image-1526 size-medium\" src=\"data:image\/gif;base64,R0lGODlhAQABAAAAACH5BAEKAAEALAAAAAABAAEAAAICTAEAOw==\" data-src=\"https:\/\/events.esgrima.cat\/sabadell\/wp-content\/uploads\/2024\/09\/GHotelVerdi-300x153.jpg\" alt=\"\" width=\"300\" height=\"153\" \/><\/p>\n<div class=\"marker-title\">Av. Francesc Maci\u00e0, 62<\/div>\n<div class=\"marker-title\">08208 Sabadell<\/div>\n<div class=\"marker-content\">Tel. +34 93 723 11 11<\/div>\n<div><\/div>\n<div><a href=\"https:\/\/www.cataloniahotels.com\/es\/hotel\/catalonia-gran-hotel-verdi?mb=1\">https:\/\/www.cataloniahotels.com\/es\/hotel\/catalonia-gran-hotel-verdi?mb=1\u00a0<\/a><\/div>\n<p><a href=\"mailto:verdi.direccion@cataloniahotels.com\">verdi.direccion@cataloniahotels.com\u00a0<\/a><\/p>\n<p>Precio habitaci\u00f3n doble de uso individual + desayuno:\u00a0 \u00a0 \u00a0 \u00a090\u20ac (10% VAT incluido)<\/p>\n<p>Precio de habitaci\u00f3n doble + desayuno:\u00a0 \u00a0 \u00a0 \u00a0 \u00a0 \u00a0 \u00a0 \u00a0 \u00a0 \u00a0 \u00a0 \u00a0 \u00a0 \u00a0 \u00a0 \u00a0 100\u20ac (10% VAT incluido)<\/p>\n<p>Tasa tur\u00edstica no incluida (1,32\u20ac\/persona\/noche)<\/p>\n<p><em>Servicios incluidos:<\/em> Wifi gratuito<\/p>\n<p>&nbsp;<\/p>\n<p><strong><u>Procedimiento de reserva: <\/u><\/strong><\/p>\n<p>Las reservas deber\u00e1n realizarse enviando un e-mail directo al hotel con el asunto \u201cESGRIMA\u201d a <a href=\"mailto:verdi.direccion@cataloniahotels.com\">verdi.direccion@cataloniahotels.com<\/a> especificando fechas (entrada y salida), n\u00famero de habitaciones, etc.<\/p>\n<p>&nbsp;[\/vc_column_text][\/vc_tta_section][vc_tta_section title=\u00bbOTROS\u00bb tab_id=\u00bb1642862161844-e4e8e601-9eef\u00bb][vc_column_text]<\/p>\n<h1>1. Inscripciones<\/h1>\n<p><strong>COPA DEL MUNDO SAT\u00c9LITE:<\/strong><\/p>\n<p>Las inscripciones deben realizarse a trav\u00e9s de las federaciones nacionales en el sitio web de la FIE:<\/p>\n<p>&nbsp;<\/p>\n<p><a href=\"http:\/\/www.fie.org\"><img decoding=\"async\" class=\"lazyload alignleft wp-image-938 size-medium\" src=\"data:image\/gif;base64,R0lGODlhAQABAAAAACH5BAEKAAEALAAAAAABAAEAAAICTAEAOw==\" data-src=\"https:\/\/events.esgrima.cat\/sabadell\/wp-content\/uploads\/2022\/01\/FIE-logo-300x131.png\" alt=\"\" width=\"300\" height=\"131\" \/><\/a><\/p>\n<p>&nbsp;<\/p>\n<p>&nbsp;<\/p>\n<p>&nbsp;<\/p>\n<p>&nbsp;<\/p>\n<p>&nbsp;<\/p>\n<p><strong>TORNEO ABIERTO OPEN INTERNACIONAL:<\/strong><\/p>\n<p><strong>Todos los tiradores<\/strong>\u00a0deber\u00e1n inscribirse en el correo electr\u00f3nico de la Federaci\u00f3n Espa\u00f1ola <a href=\"mailto:rfee@esgrima.es\">rfee@esgrima.es<\/a> a trav\u00e9s de su federaci\u00f3n nacional.<\/p>\n<p>&nbsp;<\/p>\n<p>La<strong> fecha l\u00edmite de inscripci\u00f3n es el 17 de octubre de 2025<\/strong>.<\/p>\n<p>Siguiendo las normas de la Federaci\u00f3n Espa\u00f1ola, no se aceptar\u00e1n inscripciones el mismo d\u00eda de la competici\u00f3n.<\/p>\n<p>Seg\u00fan el reglamento de la temporada 2024\/2025 de la RFEE, todos los tiradores deben tener la licencia de esgrima de su pa\u00eds.<\/p>\n<p>&nbsp;[\/vc_column_text][vc_column_text]<\/p>\n<h1>2. Control de material<\/h1>\n<p>Tal como indica el Reglamento de Material de la FIE, se efectuar\u00e1 el control de material de:<\/p>\n<ul>\n<li>Chaquetilla el\u00e9ctrica (FIE)<\/li>\n<li>Careta (FIE)<\/li>\n<li>Guante<\/li>\n<li>Florete (FIE)<\/li>\n<li>Pasante<\/li>\n<\/ul>\n<p>El control de material se har\u00e1 en la sede de competici\u00f3n.<\/p>\n<p>&nbsp;[\/vc_column_text][vc_column_text]<\/p>\n<h1>3. Aportaci\u00f3n de \u00e1rbitros<\/h1>\n<p><strong>COPA DEL MUNDO SAT\u00c9LITE:<\/strong><\/p>\n<p>La aportaci\u00f3n de \u00e1rbitros se har\u00e1 por delegaciones, siguiendo la normativa FIE para Copas del Mundo J\u00fanior.<\/p>\n<ul>\n<li>De 1 a 4 tiradores: No hay aportaci\u00f3n de \u00e1rbitros<\/li>\n<li>De 5 a 9: 1 \u00e1rbitro<\/li>\n<li>10 o m\u00e1s: 2 \u00e1rbitros<\/li>\n<\/ul>\n<p>&nbsp;<\/p>\n<p>Los \u00e1rbitros deben confirmar su presencia el d\u00eda de la competici\u00f3n a las 7:30 h en el Directorio T\u00e9cnico. Durante toda la competici\u00f3n, deben estar a disposici\u00f3n del Directorio T\u00e9cnico.<\/p>\n<p>&nbsp;<\/p>\n<p><strong>TORNEO ABIERTO OPEN INTERNACIONAL:<\/strong><\/p>\n<p>No es necesaria la aportaci\u00f3n de un \u00e1rbitro, la organizaci\u00f3n proporcionar\u00e1 todos los \u00e1rbitros y todos los tiradores deber\u00e1n abonar una cuota. El precio de la inscripci\u00f3n incluye esta cuota.<\/p>\n<p>&nbsp;[\/vc_column_text][\/vc_tta_section][vc_tta_section title=\u00bbINVITACI\u00d3N\u00bb tab_id=\u00bb1617879402078-d98f0f55-e1f4&#8243;][vc_column_text]<\/p>\n<h1>Carta de invitaci\u00f3n<\/h1>\n<p>[\/vc_column_text][om_click_icon_box icon_fontawesome=\u00bbfas fa-file-pdf\u00bb color=\u00bbsky\u00bb title=\u00bbDescarga\u00bb link=\u00bburl:https%3A%2F%2Fevents.esgrima.cat%2Fsabadell%2Fwp-content%2Fuploads%2F2025%2F09%2F184108-Info_SatSabadell_2025_ENG.pdf||target:%20_blank|\u00bb][\/om_click_icon_box][\/vc_tta_section][\/vc_tta_tabs][\/vc_column][\/vc_row]<\/p>\n","protected":false},"excerpt":{"rendered":"<p>[vc_row][vc_column][vc_tta_tabs color=\u00bbom-accent-color-3&#8243; active_section=\u00bb1&#8243;][vc_tta_section title=\u00bbSEDE\u00bb tab_id=\u00bb1642794906522-c4fbd178-7dda\u00bb][vc_column_text] 1. Sede de competici\u00f3n PABELL\u00d3N MUNICIPAL DE DEPORTES SABADELL Direcci\u00f3n: Carrer de Sol i Padr\u00eds, 59 08203 \u2013 Sabadell (Sector&hellip;<\/p>\n<p><a href=\"https:\/\/events.esgrima.cat\/sabadell\/es\/information-2\/\" class=\"read-more-link\"><span class=\"read-more-icon\"><\/span>Read more<\/a><\/p>\n","protected":false},"author":6,"featured_media":0,"parent":0,"menu_order":0,"comment_status":"closed","ping_status":"closed","template":"","meta":{"footnotes":""},"class_list":["post-1006","page","type-page","status-publish","hentry"],"_links":{"self":[{"href":"https:\/\/events.esgrima.cat\/sabadell\/wp-json\/wp\/v2\/pages\/1006","targetHints":{"allow":["GET"]}}],"collection":[{"href":"https:\/\/events.esgrima.cat\/sabadell\/wp-json\/wp\/v2\/pages"}],"about":[{"href":"https:\/\/events.esgrima.cat\/sabadell\/wp-json\/wp\/v2\/types\/page"}],"author":[{"embeddable":true,"href":"https:\/\/events.esgrima.cat\/sabadell\/wp-json\/wp\/v2\/users\/6"}],"replies":[{"embeddable":true,"href":"https:\/\/events.esgrima.cat\/sabadell\/wp-json\/wp\/v2\/comments?post=1006"}],"version-history":[{"count":43,"href":"https:\/\/events.esgrima.cat\/sabadell\/wp-json\/wp\/v2\/pages\/1006\/revisions"}],"predecessor-version":[{"id":2249,"href":"https:\/\/events.esgrima.cat\/sabadell\/wp-json\/wp\/v2\/pages\/1006\/revisions\/2249"}],"wp:attachment":[{"href":"https:\/\/events.esgrima.cat\/sabadell\/wp-json\/wp\/v2\/media?parent=1006"}],"curies":[{"name":"wp","href":"https:\/\/api.w.org\/{rel}","templated":true}]}}