{"id":1009,"date":"2022-01-24T18:59:23","date_gmt":"2022-01-24T17:59:23","guid":{"rendered":"https:\/\/events.esgrima.cat\/ciutatbarcelona\/?page_id=1009"},"modified":"2025-09-04T11:16:44","modified_gmt":"2025-09-04T09:16:44","slug":"informacio","status":"publish","type":"page","link":"https:\/\/events.esgrima.cat\/sabadell\/informacio\/","title":{"rendered":"Informaci\u00f3"},"content":{"rendered":"<p>[vc_row][vc_column][vc_tta_tabs color=\u00bbom-accent-color-3&#8243; active_section=\u00bb1&#8243;][vc_tta_section title=\u00bbSEU\u00bb tab_id=\u00bb1642794906522-c4fbd178-7dda\u00bb][vc_column_text]<\/p>\n<h1>1. Seu de competici\u00f3<\/h1>\n<p><a href=\"https:\/\/web.sabadell.cat\/index.php?option=com_content&amp;view=article&amp;id=7835&amp;Itemid=725\" target=\"_blank\" rel=\"noopener\">PAVELL\u00d3 MUNICIPAL D\u2019ESPORTS SABADELL<\/a><br \/>\nDirecci\u00f3: Carrer de Sol i Padr\u00eds, 59<br \/>\n08203 \u2013 Sabadell (Sector Sant Oleguer)<br \/>\nTransport p\u00fablic a les instal\u00b7lacions de la competici\u00f3: urban bus (www.tus.es)[\/vc_column_text][vc_images_carousel images=\u00bb1507,1508,1509,1510&#8243; img_size=\u00bbfull\u00bb onclick=\u00bblink_no\u00bb slides_per_view=\u00bb2&#8243; autoplay=\u00bbyes\u00bb hide_pagination_control=\u00bbyes\u00bb wrap=\u00bbyes\u00bb][vc_column_text]<\/p>\n<h5>IMPORTANT!<\/h5>\n<p>L&#8217;entrada a la seu de la competici\u00f3 no estar\u00e0 permesa els dies previs a la competici\u00f3.<\/p>\n<p>&nbsp;<\/p>\n<p>Hi haur\u00e0 servei de bar disponible durant els dies de la competici\u00f3.[\/vc_column_text][vc_gmaps link=\u00bb#E-8_JTNDaWZyYW1lJTIwc3JjJTNEJTIyaHR0cHMlM0ElMkYlMkZ3d3cuZ29vZ2xlLmNvbSUyRm1hcHMlMkZlbWJlZCUzRnBiJTNEJTIxMW0xOCUyMTFtMTIlMjExbTMlMjExZDI5ODYuMzg5MDcwNjk4NzkyJTIxMmQyLjExNjY0OTIxNTE5ODk4MyUyMTNkNDEuNTM5MTcyMzk0NTM1MDY1JTIxMm0zJTIxMWYwJTIxMmYwJTIxM2YwJTIxM20yJTIxMWkxMDI0JTIxMmk3NjglMjE0ZjEzLjElMjEzbTMlMjExbTIlMjExczB4MTJhNDk1YTZlMjRmMDc2NSUyNTNBMHg1NjY0ZDllNTdjYTU3MjNhJTIxMnNQYWJlbGwlMjVDMyUyNUIzbiUyNTIwTXVuaWNpcGFsJTI1MjBEZSUyNTIwRGVwb3J0ZXMlMjE1ZTAlMjEzbTIlMjExc2VzJTIxMnNlcyUyMTR2MTY0NDA1OTkxMjkwMSUyMTVtMiUyMTFzZXMlMjEyc2VzJTIyJTIwd2lkdGglM0QlMjI2MDAlMjIlMjBoZWlnaHQlM0QlMjI0NTAlMjIlMjBzdHlsZSUzRCUyMmJvcmRlciUzQTAlM0IlMjIlMjBhbGxvd2Z1bGxzY3JlZW4lM0QlMjIlMjIlMjBsb2FkaW5nJTNEJTIybGF6eSUyMiUzRSUzQyUyRmlmcmFtZSUzRQ==\u00bb][\/vc_tta_section][vc_tta_section title=\u00bbTRANSPORT\u00bb tab_id=\u00bb1642797218598-11df124d-57a0&#8243;][vc_column_text]<\/p>\n<h1>1. Transport entre hotel oficial i seu de competici\u00f3<\/h1>\n<p>Desafortunadament no hi haur\u00e0 aquest servei disponible.[\/vc_column_text][vc_column_text]<\/p>\n<h1><\/h1>\n<h1>2. Transport entre aeroport i hotel oficial<\/h1>\n<p>Haureu d&#8217;organitzar el transport des de l&#8217;aeroport a Sabadell i de tornada a l&#8217;aeroport pels vostres mitjans, confiant en qualsevol de les moltes companyies de taxi que ofereixen serveis de transport al voltant de Barcelona.<\/p>\n<p>Els taxis oficials de Barcelona s\u00f3n grocs i negres i estan legalment autoritzats per cobrar les quantitats que indiqui el tax\u00edmetre. El trajecte de l\u00b4aeroport al\u00b4hotel \u00e9s d\u00b4uns 45 minuts.<\/p>\n<h3><strong>ALTRES OPCIONS DE TRANSPORT:<\/strong><\/h3>\n<p>Tamb\u00e9 teniu disponible combinacions de transport p\u00fablic, que \u00e9s m\u00e9s econ\u00f2mic que el servei de taxi, per\u00f2 que porta molt de temps:<\/p>\n<p>AEROBUS + TREN: \u00e9s possible arribar a la seu de la competici\u00f3 amb la seg\u00fcent combinaci\u00f3 de transport p\u00fablic:<\/p>\n<p>1) Aerob\u00fas (aeroport \u2013 Barcelona, Pla\u00e7a Catalunya)<\/p>\n<p>2) Tren (una de les dues opcions):<\/p>\n<p>Ferrocarrils de la Generalitat de Catalunya l\u00ednia S2 Sabadell<\/p>\n<p>RENFE (Pla\u00e7a Catalunya \u2013 Sabadell Nord)[\/vc_column_text][\/vc_tta_section][vc_tta_section title=\u00bbHOTEL\u00bb tab_id=\u00bb1642798144203-3913aac5-783a\u00bb][vc_column_text]<\/p>\n<p class=\"FCESubtitol\">Es posa a disposici\u00f3 dos hotels amb preu especials.\u00a0Per fer reserva cal contactar directament amb l&#8217;hotel mitjan\u00e7ant e-mail i indicant: dies d&#8217;entrada i sortida, quantitat d&#8217;habitacions, dades de la targeta de cr\u00e8dit i dades de facturaci\u00f3.<\/p>\n<p class=\"FCESubtitol\">En fer la reserva cal indicar a l&#8217;assumpte que ve a la Copa del M\u00f3n d&#8217;Esgrima (ESGRIMA RESERVATION REQUEST) perqu\u00e8 siguin aplicats aquests preus especials<\/p>\n<h1>1. Aparthotel Attica21 Vall\u00e8s (Sabadell)***<\/h1>\n<p><img fetchpriority=\"high\" decoding=\"async\" class=\"lazyloaded alignnone wp-image-1525 size-medium\" src=\"https:\/\/events.esgrima.cat\/sabadell\/wp-content\/uploads\/2024\/09\/Attica21-300x200.jpg\" alt=\"\" width=\"300\" height=\"200\" data-src=\"https:\/\/events.esgrima.cat\/cmsabadell\/wp-content\/uploads\/2022\/01\/attica-21-sabadell-300x210.jpg\" data-srcset=\"https:\/\/events.esgrima.cat\/sabadell\/wp-content\/uploads\/2022\/01\/attica-21-sabadell-300x210.jpg 300w, https:\/\/events.esgrima.cat\/sabadell\/wp-content\/uploads\/2022\/01\/attica-21-sabadell.jpg 540w\" data-sizes=\"(max-width: 300px) 100vw, 300px\" srcset=\"https:\/\/events.esgrima.cat\/sabadell\/wp-content\/uploads\/2024\/09\/Attica21-300x200.jpg 300w, https:\/\/events.esgrima.cat\/sabadell\/wp-content\/uploads\/2024\/09\/Attica21-768x512.jpg 768w, https:\/\/events.esgrima.cat\/sabadell\/wp-content\/uploads\/2024\/09\/Attica21.jpg 1024w\" sizes=\"(max-width: 300px) 100vw, 300px\" \/><\/p>\n<p>C\/ Milena Jesenka\u00a040 \u2013 60<\/p>\n<p>08206 Sabadell<\/p>\n<p>TEL: + 34 937460498<\/p>\n<p><a href=\"https:\/\/www.attica21hotels.com\/aparthotel-attica21-valles\/\">https:\/\/www.attica21hotels.com\/aparthotel-attica21-valles\/<\/a><\/p>\n<p><a href=\"mailto:reservas2.aparthotelvalles@attica21hotels.com\">reservas2.aparthotelvalles@attica21hotels.com<\/a><\/p>\n<p>Preu habitaci\u00f3 doble d&#8217;\u00fas individual + esmorzar:\u00a0 \u00a0 \u00a0 \u00a0 \u00a090\u20ac (10% VAT incl\u00f2s)<\/p>\n<p>Preu d&#8217;habitaci\u00f3 doble + esmorzar:\u00a0 \u00a0 \u00a0 \u00a0 \u00a0 \u00a0 \u00a0 \u00a0 \u00a0 \u00a0 \u00a0 \u00a0 \u00a0 \u00a0 \u00a0 \u00a0 100\u20ac (10% VAT incl\u00f2s)<\/p>\n<p>Preu d&#8217;habitaci\u00f3 triple + esmorzar:\u00a0 \u00a0 \u00a0 \u00a0 \u00a0 \u00a0 \u00a0 \u00a0 \u00a0 \u00a0 \u00a0 \u00a0 \u00a0 \u00a0 \u00a0 \u00a0 140\u20ac (10% VAT incl\u00f2s)<\/p>\n<p>Taxa tur\u00edstica no inclosa (0,66\u20ac\/persona\/nit)<\/p>\n<p><em>Serveis inclosos<\/em>: Parking i wifi<\/p>\n<p>&nbsp;<\/p>\n<p><strong><u>Procediment de reserva: <\/u><\/strong><\/p>\n<p>Les reserves s&#8217;hauran de fer enviant un e-mail directe a l&#8217;hotel a <a href=\"mailto:reservas2.aparthotelvalles@attica21hotels.com\">reservas2.aparthotelvalles@attica21hotels.com<\/a> especificant dates (arribada i sortida), n\u00famero d&#8217;habitacions etc.<\/p>\n<p>&nbsp;[\/vc_column_text][vc_column_text]<\/p>\n<h1><\/h1>\n<h1>2. Catalonia Gran Hotel Verdi (Sabadell)****<\/h1>\n<p><img decoding=\"async\" class=\"alignnone size-medium wp-image-1173 lazyloaded\" src=\"https:\/\/events.esgrima.cat\/cmsabadell\/wp-content\/uploads\/2022\/02\/verdi-fachada_1-300x172.webp\" sizes=\"(max-width: 300px) 100vw, 300px\" srcset=\"https:\/\/events.esgrima.cat\/sabadell\/wp-content\/uploads\/2022\/02\/verdi-fachada_1-300x172.webp 300w, https:\/\/events.esgrima.cat\/sabadell\/wp-content\/uploads\/2022\/02\/verdi-fachada_1-768x441.webp 768w, https:\/\/events.esgrima.cat\/sabadell\/wp-content\/uploads\/2022\/02\/verdi-fachada_1.webp 992w\" alt=\"\" width=\"300\" height=\"172\" data-src=\"https:\/\/events.esgrima.cat\/cmsabadell\/wp-content\/uploads\/2022\/02\/verdi-fachada_1-300x172.webp\" data-srcset=\"https:\/\/events.esgrima.cat\/sabadell\/wp-content\/uploads\/2022\/02\/verdi-fachada_1-300x172.webp 300w, https:\/\/events.esgrima.cat\/sabadell\/wp-content\/uploads\/2022\/02\/verdi-fachada_1-768x441.webp 768w, https:\/\/events.esgrima.cat\/sabadell\/wp-content\/uploads\/2022\/02\/verdi-fachada_1.webp 992w\" data-sizes=\"(max-width: 300px) 100vw, 300px\" \/><\/p>\n<div class=\"marker-title\">Av. Francesc Maci\u00e0, 62<\/div>\n<div class=\"marker-title\">08208 Sabadell<\/div>\n<div class=\"marker-content\">Tel. +34 93 723 11 11<\/div>\n<div><\/div>\n<div><a href=\"https:\/\/www.cataloniahotels.com\/es\/hotel\/catalonia-gran-hotel-verdi?mb=1\">https:\/\/www.cataloniahotels.com\/es\/hotel\/catalonia-gran-hotel-verdi?mb=1\u00a0<\/a><\/div>\n<p><a href=\"mailto:verdi.direccion@cataloniahotels.com\">verdi.direccion@cataloniahotels.com\u00a0<\/a><\/p>\n<p>Preu habitaci\u00f3 doble d\u00b4\u00fas individual + esmorzar: \u00a0 \u00a0 \u00a0\u00a0\u00a0 90 \u20ac (10% VAT incl\u00f2s)<\/p>\n<p>Preu d&#8217;habitaci\u00f3 doble + esmorzar: \u00a0 \u00a0 \u00a0 \u00a0 \u00a0 \u00a0 \u00a0 \u00a0 \u00a0 \u00a0 \u00a0 \u00a0 \u00a0 \u00a0 \u00a0 \u00a0 100\u20ac (10% VAT incl\u00f2s)<\/p>\n<p>Taxa tur\u00edstica no inclosa (1,32\u20ac\/persona\/nit)<\/p>\n<p><em>Serveis inclosos<\/em>: Wifi gratu\u00eft<\/p>\n<p><strong><u>Procediment de reserva: <\/u><\/strong><\/p>\n<p>Les reserves s&#8217;hauran de fer enviant un e-mail directe a l&#8217;hotel amb l&#8217;assumpte \u201cESGRIMA\u201d a <a href=\"mailto:verdi.direccion@cataloniahotels.com%20ailto:\">verdi.direccion@cataloniahotels.com<\/a> especificant dates (entrada i sortida), n\u00famero d&#8217;habitacions, etc.<\/p>\n<p>&nbsp;[\/vc_column_text][\/vc_tta_section][vc_tta_section title=\u00bbALTRES\u00bb tab_id=\u00bb1642862161844-e4e8e601-9eef\u00bb][vc_column_text]<\/p>\n<h1>1. Inscripci\u00f3<\/h1>\n<p><strong>COPA DEL M\u00d3N SAT\u00c8L\u00b7LIT:<\/strong><\/p>\n<p>Les inscripcions s&#8217;han de fer a trav\u00e9s de les federacions nacionals al lloc web de la FIE:<\/p>\n<p>&nbsp;<\/p>\n<p><a href=\"http:\/\/www.fie.org\"><img decoding=\"async\" class=\"lazyload alignleft wp-image-938 size-medium\" src=\"data:image\/gif;base64,R0lGODlhAQABAAAAACH5BAEKAAEALAAAAAABAAEAAAICTAEAOw==\" data-src=\"https:\/\/events.esgrima.cat\/sabadell\/wp-content\/uploads\/2022\/01\/FIE-logo-300x131.png\" alt=\"\" width=\"300\" height=\"131\" \/><\/a><\/p>\n<p>&nbsp;<\/p>\n<p>&nbsp;<\/p>\n<p>&nbsp;<\/p>\n<p>&nbsp;<\/p>\n<p>&nbsp;<\/p>\n<p><strong>TORNEIG OBERT:<\/strong><\/p>\n<p><strong>Tots els tiradors<\/strong> s&#8217;han d&#8217;inscriure a trav\u00e9s del correu electr\u00f2nic de la Federaci\u00f3 Espanyola <a href=\"mailto:rfee@esgrima.es\">rfee@esgrima.es<\/a> a trav\u00e9s de les seves federacions nacionals.<\/p>\n<p>&nbsp;<\/p>\n<p>La <strong>data l\u00edmit d&#8217;inscripci\u00f3 \u00e9s el 17 d&#8217;octubre de 2025<\/strong>.<\/p>\n<p>Seguint les normes de la Federaci\u00f3 Espanyola, no s&#8217;admetran inscripcions el mateix dia de la competici\u00f3.<\/p>\n<p>Segons el reglament de la temporada RFEE 2024\/2025, tots els tiradors han de tenir la llic\u00e8ncia d&#8217;esgrima del pa\u00eds.<\/p>\n<p>&nbsp;[\/vc_column_text][vc_column_text]<\/p>\n<h1>2. Control de material<\/h1>\n<p>Tal com indica l\u2019article m.38 del Reglament de Material de la FIE, es passar\u00e0 control de material de:<\/p>\n<ul>\n<li>Chaquetilla el\u00e9ctrica (FIE)<\/li>\n<li>Careta (FIE)<\/li>\n<li>Guante<\/li>\n<li>Florete (FIE)<\/li>\n<li>Pasante<\/li>\n<\/ul>\n<p>El control de material estar\u00e0 disponible a la seu de competici\u00f3.<\/p>\n<p>&nbsp;[\/vc_column_text][vc_column_text]<\/p>\n<h1>3. Aportaci\u00f3 d&#8217;\u00e0rbitres<\/h1>\n<p><strong>COPA DEL M\u00d3N SAT\u00c8L\u00b7LIT:<\/strong><\/p>\n<p>L&#8217;aportaci\u00f3n de \u00e1rbitros es far\u00e0 per delegacions, seguint la normativa FIE per a Copes del M\u00f3n J\u00fanior.<\/p>\n<ul>\n<li>De 1 a 4 tiradors: No hi ha aportaci\u00f3 d\u201f\u00e0rbitres<\/li>\n<li>De 5 a 9: 1 \u00e0rbitre<\/li>\n<li>10 o m\u00e9s: 2 \u00e0rbitres<\/li>\n<\/ul>\n<p>Els \u00e0rbitres hauran de confirmar la seva pres\u00e8ncia el dia de la competici\u00f3 a les 7:30h al Directori T\u00e8cnic. Durant tota la competici\u00f3, hauran d&#8217;estar a disposici\u00f3 del Directori T\u00e8cnic.<\/p>\n<p>&nbsp;<\/p>\n<p><strong>TORNEIG OBERT OPEN INTERNACIONAL:<\/strong><\/p>\n<p>No \u00e9s necess\u00e0ria l&#8217;aportaci\u00f3 arbitral; l&#8217;organitzaci\u00f3 proporcionar\u00e0 tots els \u00e0rbitres i tots els tiradors han de pagar una quota. El preu de la inscripci\u00f3 inclou aquesta quota.<\/p>\n<p>&nbsp;[\/vc_column_text][\/vc_tta_section][vc_tta_section title=\u00bbINVITACI\u00d3\u00bb tab_id=\u00bb1617879402078-d98f0f55-e1f4&#8243;][vc_column_text]<\/p>\n<h1>Carta d&#8217;invitaci\u00f3<\/h1>\n<p>[\/vc_column_text][om_click_icon_box icon_fontawesome=\u00bbfas fa-file-pdf\u00bb color=\u00bbsky\u00bb title=\u00bbDescarrega\u00bb link=\u00bburl:https%3A%2F%2Fevents.esgrima.cat%2Fsabadell%2Fwp-content%2Fuploads%2F2025%2F09%2F184108-Info_SatSabadell_2025_ENG.pdf||target:%20_blank|\u00bb][\/om_click_icon_box][\/vc_tta_section][\/vc_tta_tabs][\/vc_column][\/vc_row]<\/p>\n","protected":false},"excerpt":{"rendered":"<p>[vc_row][vc_column][vc_tta_tabs color=\u00bbom-accent-color-3&#8243; active_section=\u00bb1&#8243;][vc_tta_section title=\u00bbSEU\u00bb tab_id=\u00bb1642794906522-c4fbd178-7dda\u00bb][vc_column_text] 1. Seu de competici\u00f3 PAVELL\u00d3 MUNICIPAL D\u2019ESPORTS SABADELL Direcci\u00f3: Carrer de Sol i Padr\u00eds, 59 08203 \u2013 Sabadell (Sector Sant&hellip;<\/p>\n<p><a href=\"https:\/\/events.esgrima.cat\/sabadell\/informacio\/\" class=\"read-more-link\"><span class=\"read-more-icon\"><\/span>Read more<\/a><\/p>\n","protected":false},"author":6,"featured_media":0,"parent":0,"menu_order":0,"comment_status":"closed","ping_status":"closed","template":"","meta":{"footnotes":""},"class_list":["post-1009","page","type-page","status-publish","hentry"],"_links":{"self":[{"href":"https:\/\/events.esgrima.cat\/sabadell\/wp-json\/wp\/v2\/pages\/1009","targetHints":{"allow":["GET"]}}],"collection":[{"href":"https:\/\/events.esgrima.cat\/sabadell\/wp-json\/wp\/v2\/pages"}],"about":[{"href":"https:\/\/events.esgrima.cat\/sabadell\/wp-json\/wp\/v2\/types\/page"}],"author":[{"embeddable":true,"href":"https:\/\/events.esgrima.cat\/sabadell\/wp-json\/wp\/v2\/users\/6"}],"replies":[{"embeddable":true,"href":"https:\/\/events.esgrima.cat\/sabadell\/wp-json\/wp\/v2\/comments?post=1009"}],"version-history":[{"count":31,"href":"https:\/\/events.esgrima.cat\/sabadell\/wp-json\/wp\/v2\/pages\/1009\/revisions"}],"predecessor-version":[{"id":2247,"href":"https:\/\/events.esgrima.cat\/sabadell\/wp-json\/wp\/v2\/pages\/1009\/revisions\/2247"}],"wp:attachment":[{"href":"https:\/\/events.esgrima.cat\/sabadell\/wp-json\/wp\/v2\/media?parent=1009"}],"curies":[{"name":"wp","href":"https:\/\/api.w.org\/{rel}","templated":true}]}}