{"id":416,"date":"2021-04-04T23:31:28","date_gmt":"2021-04-04T21:31:28","guid":{"rendered":"https:\/\/madridfencing2021.com\/?page_id=416"},"modified":"2022-01-25T14:11:37","modified_gmt":"2022-01-25T13:11:37","slug":"politica-de-privacidad","status":"publish","type":"page","link":"https:\/\/events.esgrima.cat\/sabadell\/es\/politica-de-privacidad\/","title":{"rendered":"Pol\u00edtica de Privacidad"},"content":{"rendered":"\r\n<p><strong>Protecci\u00f3n de datos personales.<\/strong> De conformidad con lo que establece el Reglamento Europeo de Protecci\u00f3n de Datos (Reglamento UE 2016\/679) y la normativa de desarrollo, informamos al interesado que los datos personales facilitados en este sitio web y los generados como consecuencia de la navegaci\u00f3n y el uso de las funcionalidades y servicios ser\u00e1n tratadas por la Federaci\u00f3n Catalana de Esgrima que es el responsable.<br \/><strong>Finalidad del tratamiento.<\/strong> Responder a la solicitud del interesado y al env\u00edo de informaci\u00f3n de inter\u00e9s.<br \/><strong>Legitimaci\u00f3n para el tratamiento.<\/strong> El consentimiento del usuario.<\/p>\r\n<p><strong>Cesi\u00f3n de datos.<\/strong> En los supuestos previstos por la ley.<br \/><strong>Tiempo de conservaci\u00f3n de los datos.<\/strong> Mientras dure la finalidad para la que son tratados y en cualquier caso por cumplir con las obligaciones legales.<br \/><strong>Transferencia internacional de datos.<\/strong> No se produce<br \/><strong>Derechos ciudadanos.<\/strong> Puede acceder a sus datos personales, solicitar la rectificaci\u00f3n, la supresi\u00f3n, la portabilidad, la limitaci\u00f3n del tratamiento, oponerse a el tratamiento escribiendo en el Responsable indicado, CIF Q5856154I, con domicilio en C\/ Duquesa d&#8217;Orleans, 29 , bajos, 08034, Barcelona, \u200b\u200bcorreo electr\u00f3nico: <a href=\"mailto:fce@esgrima.cat\">fce@esgrima.cat<\/a>.<br \/>Tambi\u00e9n puede presentar una reclamaci\u00f3n ante la Autoridad Catalana de Protecci\u00f3n de Datos. Datos de contacto con el DPO: <a href=\"mailto:protecciodades@esgrima.cat\">protecciodades@esgrima.cat<\/a>.<\/p>\r\n","protected":false},"excerpt":{"rendered":"<p>Protecci\u00f3n de datos personales. De conformidad con lo que establece el Reglamento Europeo de Protecci\u00f3n de Datos (Reglamento UE 2016\/679) y la normativa de desarrollo,&hellip;<\/p>\n<p><a href=\"https:\/\/events.esgrima.cat\/sabadell\/es\/politica-de-privacidad\/\" class=\"read-more-link\"><span class=\"read-more-icon\"><\/span>Read more<\/a><\/p>\n","protected":false},"author":2,"featured_media":0,"parent":0,"menu_order":0,"comment_status":"closed","ping_status":"open","template":"","meta":{"footnotes":""},"class_list":["post-416","page","type-page","status-publish","hentry"],"_links":{"self":[{"href":"https:\/\/events.esgrima.cat\/sabadell\/wp-json\/wp\/v2\/pages\/416","targetHints":{"allow":["GET"]}}],"collection":[{"href":"https:\/\/events.esgrima.cat\/sabadell\/wp-json\/wp\/v2\/pages"}],"about":[{"href":"https:\/\/events.esgrima.cat\/sabadell\/wp-json\/wp\/v2\/types\/page"}],"author":[{"embeddable":true,"href":"https:\/\/events.esgrima.cat\/sabadell\/wp-json\/wp\/v2\/users\/2"}],"replies":[{"embeddable":true,"href":"https:\/\/events.esgrima.cat\/sabadell\/wp-json\/wp\/v2\/comments?post=416"}],"version-history":[{"count":5,"href":"https:\/\/events.esgrima.cat\/sabadell\/wp-json\/wp\/v2\/pages\/416\/revisions"}],"predecessor-version":[{"id":1079,"href":"https:\/\/events.esgrima.cat\/sabadell\/wp-json\/wp\/v2\/pages\/416\/revisions\/1079"}],"wp:attachment":[{"href":"https:\/\/events.esgrima.cat\/sabadell\/wp-json\/wp\/v2\/media?parent=416"}],"curies":[{"name":"wp","href":"https:\/\/api.w.org\/{rel}","templated":true}]}}