{"id":503,"date":"2021-04-07T23:13:42","date_gmt":"2021-04-07T21:13:42","guid":{"rendered":"https:\/\/madridfencing2021.com\/?page_id=503"},"modified":"2022-01-25T14:13:37","modified_gmt":"2022-01-25T13:13:37","slug":"politica-de-cookies","status":"publish","type":"page","link":"https:\/\/events.esgrima.cat\/sabadell\/es\/politica-de-cookies\/","title":{"rendered":"Pol\u00edtica de cookies"},"content":{"rendered":"<p>Las cookies son breves informaciones que se env\u00edan y almacenan en el disco duro\u00a0del ordenador del usuario a trav\u00e9s de su navegador cuando \u00e9ste se conecta en una web. Las cookies se pueden utilizar para recaudar y almacenar datos del usuario mientras est\u00e1 conectado para facilitarle los servicios solicitados y que no se suelen conservar (cookies de sesi\u00f3n), o para conservar los datos del usuario para otro tipo de servicios futuros y que se pueden conservar por tiempo indefinido (cookies persistentes). Las cookies pueden ser propias o de terceros.<\/p>\n<p><strong>Cookies t\u00e9cnicas<\/strong>\u00a0que facilitan la navegaci\u00f3n del usuario y la utilizaci\u00f3n de las diferentes opciones o servicios que ofrece la web como identificar la sesi\u00f3n, permitir el acceso a determinadas \u00e1reas, facilitar pedidos, compras, cumplimentaci\u00f3n de formularios, inscripciones, seguridad, facilitar funcionalidades (v\u00eddeos, redes sociales, etc.).<br \/>\n<strong>Cookies publicitarias<\/strong>\u00a0que permiten la gesti\u00f3n de los espacios publicitarios de la web.<br \/>\n<strong>Cookies de personalizaci\u00f3n<\/strong>\u00a0que permiten al usuario acceder a los servicios seg\u00fan sus preferencias (idioma, navegador, configuraci\u00f3n, etc.).<br \/>\n<strong>Cookies de publicidad<\/strong>\u00a0personalizada que permiten la gesti\u00f3n de los espacios publicitarios de la web en base al comportamiento y los h\u00e1bitos de navegaci\u00f3n del usuario, de donde se obtiene su perfil y este hecho permite personalizar la publicidad que se muestra en el navegador del usuario.<br \/>\n<strong>Cookies de an\u00e1lisis\u00a0<\/strong>que permiten el an\u00e1lisis an\u00f3nimo del comportamiento de los usuarios de la web y que permiten medir la actividad del usuario y elaborar perfiles de navegaci\u00f3n con el fino objetivo de mejorar los sitios web.<\/p>\n<p>Utilizamos \u00fanicamente cookies t\u00e9cnicas, de personalizaci\u00f3n y an\u00e1lisis, propias y de terceros, que en ning\u00fan caso tratan datos de car\u00e1cter personal ni captan h\u00e1bitos de navegaci\u00f3n para finalidades publicitarias.<\/p>\n<p>De todos modos, le informamos que puede activar o desactivar estas cookies siguiendo las instrucciones de su navegador de Internet:<br \/>\n<strong>\/ Chrome<\/strong>, desde\u00a0<a href=\"http:\/\/support.google.com\/chrome\/bin\/answer.py?hl=es&amp;answer=95647\" target=\"_blank\" rel=\"noopener\">http:\/\/support.google.com\/chrome\/bin\/answer.py?hl=es&amp;answer=95647<\/a><br \/>\n<strong>\/<\/strong>\u00a0<strong>Explorer<\/strong>, desde\u00a0<a href=\"http:\/\/windows.microsoft.com\/es-es\/windows7\/how-to-manage-cookies-in-internet-explorer-9\" target=\"_blank\" rel=\"noopener\">http:\/\/windows.microsoft.com\/es-es\/windows7\/how-to-manage-cookies-in-internet-explorer-9<\/a><br \/>\n<strong>\/\u00a0Firefox<\/strong>, desde\u00a0<a href=\"http:\/\/support.mozilla.org\/es\/kb\/habilitar-y-deshabilitar-cookies-que-los-sitios-we\" target=\"_blank\" rel=\"noopener\">http:\/\/support.mozilla.org\/es\/kb\/habilitar-y-deshabilitar-cookies-que-los-sitios-we<\/a><br \/>\n<strong>\/ Safari<\/strong>, desde\u00a0<a href=\"http:\/\/support.apple.com\/kb\/ph5042\" target=\"_blank\" rel=\"noopener\">http:\/\/support.apple.com\/kb\/ph5042<\/a><\/p>\n<p>Si tiene dudas sobre esta pol\u00edtica de cookies, puede contactar con\u00a0<a href=\"mailto:rfee@esgrima.es\">fce@esgrima.cat<\/a><\/p>\n","protected":false},"excerpt":{"rendered":"<p>Las cookies son breves informaciones que se env\u00edan y almacenan en el disco duro\u00a0del ordenador del usuario a trav\u00e9s de su navegador cuando \u00e9ste se&hellip;<\/p>\n<p><a href=\"https:\/\/events.esgrima.cat\/sabadell\/es\/politica-de-cookies\/\" class=\"read-more-link\"><span class=\"read-more-icon\"><\/span>Read more<\/a><\/p>\n","protected":false},"author":2,"featured_media":0,"parent":0,"menu_order":0,"comment_status":"closed","ping_status":"closed","template":"","meta":{"footnotes":""},"class_list":["post-503","page","type-page","status-publish","hentry"],"_links":{"self":[{"href":"https:\/\/events.esgrima.cat\/sabadell\/wp-json\/wp\/v2\/pages\/503","targetHints":{"allow":["GET"]}}],"collection":[{"href":"https:\/\/events.esgrima.cat\/sabadell\/wp-json\/wp\/v2\/pages"}],"about":[{"href":"https:\/\/events.esgrima.cat\/sabadell\/wp-json\/wp\/v2\/types\/page"}],"author":[{"embeddable":true,"href":"https:\/\/events.esgrima.cat\/sabadell\/wp-json\/wp\/v2\/users\/2"}],"replies":[{"embeddable":true,"href":"https:\/\/events.esgrima.cat\/sabadell\/wp-json\/wp\/v2\/comments?post=503"}],"version-history":[{"count":2,"href":"https:\/\/events.esgrima.cat\/sabadell\/wp-json\/wp\/v2\/pages\/503\/revisions"}],"predecessor-version":[{"id":1082,"href":"https:\/\/events.esgrima.cat\/sabadell\/wp-json\/wp\/v2\/pages\/503\/revisions\/1082"}],"wp:attachment":[{"href":"https:\/\/events.esgrima.cat\/sabadell\/wp-json\/wp\/v2\/media?parent=503"}],"curies":[{"name":"wp","href":"https:\/\/api.w.org\/{rel}","templated":true}]}}