{"id":698,"date":"2022-01-15T17:02:08","date_gmt":"2022-01-15T16:02:08","guid":{"rendered":"https:\/\/events.esgrima.cat\/ciutatbarcelona\/?page_id=698"},"modified":"2025-09-04T12:54:54","modified_gmt":"2025-09-04T10:54:54","slug":"inici","status":"publish","type":"page","link":"https:\/\/events.esgrima.cat\/sabadell\/","title":{"rendered":"Inici"},"content":{"rendered":"<p>[vc_row][vc_column css=\u00bb.vc_custom_1727965050494{margin-top: -30px !important;border-top-width: 0px !important;border-bottom-width: 0px !important;padding-top: 0px !important;padding-bottom: 0px !important;}\u00bb][vc_raw_html css=\u00bb.vc_custom_1727948092049{margin-right: -30px !important;margin-bottom: 70px !important;margin-left: -30px !important;}\u00bb]JTVCbWV0YXNsaWRlciUyMGlkJTNEJTIyMTYwNSUyMiU1RA==[\/vc_raw_html][om_reduce_space][vc_column_text]<\/p>\n<h1 style=\"text-align: center;\">\u00daLTIMES <span style=\"color: #7209B7;\">NOT\u00cdCIES<\/span><\/h1>\n<p>[\/vc_column_text][om_posts mode=\u00bbfixed\u00bb columns=\u00bb3&#8243; count=\u00bb3&#8243; crop_thumbnail=\u00bb3-2&#8243; hide_meta=\u00bbyes\u00bb][vc_cta h2=\u00bbDossier de la competici\u00f3\u00bb h4=\u00bbAqu\u00ed disposeu del dossier de la competici\u00f3 actualitzat en angl\u00e8s\u00bb remove_margins=\u00bbyes\u00bb add_button=\u00bbright\u00bb css_animation=\u00bbbounceInRight\u00bb btn_title=\u00bbDescarregar\u00bb btn_link=\u00bburl:https%3A%2F%2Fevents.esgrima.cat%2Fsabadell%2Fwp-content%2Fuploads%2F2025%2F09%2F184108-Info_SatSabadell_2025_ENG.pdf||target:%20_blank|\u00bb][\/vc_column][vc_column][vc_column_text css=\u00bb.vc_custom_1756982330086{padding-top: 20px !important;}\u00bb]<\/p>\n<h1 style=\"text-align: center;\">ORGANITZADORS I <span style=\"color: #4361EE;\">PATROCINADORS<\/span><\/h1>\n<p>[\/vc_column_text][om_logos onclick=\u00bbcustom_link\u00bb links_target=\u00bb_blank\u00bb grayscale=\u00bbyes\u00bb images=\u00bb1487,11,9,728,729,232,1234,1241,1133&#8243; img_size=\u00bb250&#8243; custom_links=\u00bbwww.esgrima.cat,www.fie.org,www.esgrima.es,esport.gencat.cat,www.ufec.cat,www.csd.gob.es\u00bb][om_logos onclick=\u00bbcustom_link\u00bb links_target=\u00bb_blank\u00bb grayscale=\u00bbyes\u00bb images=\u00bb1346&#8243; img_size=\u00bb150&#8243; custom_links=\u00bbeurofencing.info\u00bb][om_logos layout=\u00bbcarousel\u00bb grayscale=\u00bbyes\u00bb autorotate=\u00bbtrue\u00bb images=\u00bb1253,1252,1251,1250,1237,1236,1233,2275,2277,1238&#8243; img_size=\u00bb250&#8243;][\/vc_column][\/vc_row][vc_row][vc_column][\/vc_column][\/vc_row]<\/p>\n","protected":false},"excerpt":{"rendered":"<p>[vc_row][vc_column css=\u00bb.vc_custom_1727965050494{margin-top: -30px !important;border-top-width: 0px !important;border-bottom-width: 0px !important;padding-top: 0px !important;padding-bottom: 0px !important;}\u00bb][vc_raw_html css=\u00bb.vc_custom_1727948092049{margin-right: -30px !important;margin-bottom: 70px !important;margin-left: -30px !important;}\u00bb]JTVCbWV0YXNsaWRlciUyMGlkJTNEJTIyMTYwNSUyMiU1RA==[\/vc_raw_html][om_reduce_space][vc_column_text] \u00daLTIMES NOT\u00cdCIES [\/vc_column_text][om_posts mode=\u00bbfixed\u00bb columns=\u00bb3&#8243; count=\u00bb3&#8243;&hellip;<\/p>\n<p><a href=\"https:\/\/events.esgrima.cat\/sabadell\/\" class=\"read-more-link\"><span class=\"read-more-icon\"><\/span>Read more<\/a><\/p>\n","protected":false},"author":2,"featured_media":0,"parent":0,"menu_order":0,"comment_status":"closed","ping_status":"open","template":"","meta":{"footnotes":""},"class_list":["post-698","page","type-page","status-publish","hentry"],"_links":{"self":[{"href":"https:\/\/events.esgrima.cat\/sabadell\/wp-json\/wp\/v2\/pages\/698","targetHints":{"allow":["GET"]}}],"collection":[{"href":"https:\/\/events.esgrima.cat\/sabadell\/wp-json\/wp\/v2\/pages"}],"about":[{"href":"https:\/\/events.esgrima.cat\/sabadell\/wp-json\/wp\/v2\/types\/page"}],"author":[{"embeddable":true,"href":"https:\/\/events.esgrima.cat\/sabadell\/wp-json\/wp\/v2\/users\/2"}],"replies":[{"embeddable":true,"href":"https:\/\/events.esgrima.cat\/sabadell\/wp-json\/wp\/v2\/comments?post=698"}],"version-history":[{"count":28,"href":"https:\/\/events.esgrima.cat\/sabadell\/wp-json\/wp\/v2\/pages\/698\/revisions"}],"predecessor-version":[{"id":2281,"href":"https:\/\/events.esgrima.cat\/sabadell\/wp-json\/wp\/v2\/pages\/698\/revisions\/2281"}],"wp:attachment":[{"href":"https:\/\/events.esgrima.cat\/sabadell\/wp-json\/wp\/v2\/media?parent=698"}],"curies":[{"name":"wp","href":"https:\/\/api.w.org\/{rel}","templated":true}]}}