{"id":750,"date":"2022-01-16T19:05:18","date_gmt":"2022-01-16T18:05:18","guid":{"rendered":"https:\/\/events.esgrima.cat\/ciutatbarcelona\/?page_id=750"},"modified":"2022-01-25T14:11:18","modified_gmt":"2022-01-25T13:11:18","slug":"politica-de-privacitat","status":"publish","type":"page","link":"https:\/\/events.esgrima.cat\/sabadell\/politica-de-privacitat\/","title":{"rendered":"Pol\u00edtica de Privacitat"},"content":{"rendered":"<header><header><strong>Protecci\u00f3 de dades personals.\u00a0<\/strong>De conformitat amb el que estableix el Reglament Europeu de Protecci\u00f3 de Dades (Reglament UE 2016\/679) i la normativa de desenvolupament, vam informar a l\u2019interessat que les dades personals facilitades en aquest lloc web i els generats com a conseq\u00fc\u00e8ncia de la navegaci\u00f3 i l\u2019\u00fas de les funcionalitats i serveis seran tractades per la Federaci\u00f3 Catalana d\u2019Esgrima que \u00e9s el responsable.<\/header><header><strong>Finalitat del tractament.<\/strong> Respondre a la sol\u00b7licitud de l\u2019interessat i l\u2019enviament d\u2019informaci\u00f3 d\u2019inter\u00e8s.<\/header><header><strong>Legitimaci\u00f3 per al tractament. <\/strong>El consentiment de l\u2019usuari.<\/header><header><strong>Cessi\u00f3 de dades.<\/strong> En els sup\u00f2sits previstos per la Llei.<\/header><header><strong>Temps de conservaci\u00f3 de les dades.<\/strong> Mentre duri la finalitat per a la qual s\u00f3n tractats i en qualsevol cas per complir amb les obligacions legals.<\/header><header><strong>Transfer\u00e8ncia internacional de dades.<\/strong> No es produeix<\/header><header><strong>Drets dels ciutadans.<\/strong> Podeu accedir a les seves dades personals, sol\u00b7licitar la rectificaci\u00f3, la supressi\u00f3, la portabilitat, la limitaci\u00f3 del tractament, oposar-se a el tractament escrivint al Responsable indicat, CIF Q5856154I, amb domicili al C \/ Duquessa d\u2019Orleans, 29, baixos, 08034, Barcelona, \u200b\u200bcorreu electr\u00f2nic: <a href=\"mailto:fce@esgrima.cat\">fce@esgrima.cat<\/a>.<\/header><header>Tamb\u00e9 pot presentar una reclamaci\u00f3 davant l\u2019Autoritat Catalana de Protecci\u00f3 de Dades. Dades de contacte amb el DPO: <a href=\"mailto:protecciodades@esgrima.cat\">protecciodades@esgrima.cat<\/a>.<\/header><\/header>","protected":false},"excerpt":{"rendered":"<p>Protecci\u00f3 de dades personals.\u00a0De conformitat amb el que estableix el Reglament Europeu de Protecci\u00f3 de Dades (Reglament UE 2016\/679) i la normativa de desenvolupament, vam&hellip;<\/p>\n<p><a href=\"https:\/\/events.esgrima.cat\/sabadell\/politica-de-privacitat\/\" class=\"read-more-link\"><span class=\"read-more-icon\"><\/span>Read more<\/a><\/p>\n","protected":false},"author":2,"featured_media":0,"parent":0,"menu_order":0,"comment_status":"closed","ping_status":"open","template":"","meta":{"footnotes":""},"class_list":["post-750","page","type-page","status-publish","hentry"],"_links":{"self":[{"href":"https:\/\/events.esgrima.cat\/sabadell\/wp-json\/wp\/v2\/pages\/750","targetHints":{"allow":["GET"]}}],"collection":[{"href":"https:\/\/events.esgrima.cat\/sabadell\/wp-json\/wp\/v2\/pages"}],"about":[{"href":"https:\/\/events.esgrima.cat\/sabadell\/wp-json\/wp\/v2\/types\/page"}],"author":[{"embeddable":true,"href":"https:\/\/events.esgrima.cat\/sabadell\/wp-json\/wp\/v2\/users\/2"}],"replies":[{"embeddable":true,"href":"https:\/\/events.esgrima.cat\/sabadell\/wp-json\/wp\/v2\/comments?post=750"}],"version-history":[{"count":4,"href":"https:\/\/events.esgrima.cat\/sabadell\/wp-json\/wp\/v2\/pages\/750\/revisions"}],"predecessor-version":[{"id":1078,"href":"https:\/\/events.esgrima.cat\/sabadell\/wp-json\/wp\/v2\/pages\/750\/revisions\/1078"}],"wp:attachment":[{"href":"https:\/\/events.esgrima.cat\/sabadell\/wp-json\/wp\/v2\/media?parent=750"}],"curies":[{"name":"wp","href":"https:\/\/api.w.org\/{rel}","templated":true}]}}