{"id":752,"date":"2022-01-16T19:06:26","date_gmt":"2022-01-16T18:06:26","guid":{"rendered":"https:\/\/events.esgrima.cat\/ciutatbarcelona\/?page_id=752"},"modified":"2022-01-25T14:18:16","modified_gmt":"2022-01-25T13:18:16","slug":"politica-de-cookies-ca","status":"publish","type":"page","link":"https:\/\/events.esgrima.cat\/sabadell\/politica-de-cookies-ca\/","title":{"rendered":"Pol\u00edtica de cookies (CA)"},"content":{"rendered":"<p>Les cookies s\u00f3n informacions breus que s&#8217;envien i s&#8217;emmagatzemen al disc dur de l&#8217;ordinador de l&#8217;usuari a trav\u00e9s del seu navegador quan aquest es connecta en una web. Les cookies es poden utilitzar per recaptar i emmagatzemar dades de l&#8217;usuari mentre est\u00e0 connectat per facilitar-vos els serveis sol\u00b7licitats i que no se solen conservar (cookies de sessi\u00f3), o per conservar les dades de l&#8217;usuari per a un altre tipus de serveis futurs i que es poden conservar per temps indefinit (cookies persistents). Les galetes poden ser pr\u00f2pies o de tercers.<\/p>\n<p><strong>Cookies t\u00e8cniques<\/strong> que faciliten la navegaci\u00f3 de l&#8217;usuari i la utilitzaci\u00f3 de les diferents opcions o serveis que ofereix la web com identificar la sessi\u00f3, permetre l&#8217;acc\u00e9s a determinades \u00e0rees, facilitar comandes, compres, emplenament de formularis, inscripcions, seguretat, facilitar funcionalitats (v\u00eddeos , xarxes socials, etc.).<br \/>\n<strong>Cookies publicit\u00e0ries<\/strong> que permeten la gesti\u00f3 dels espais publicitaris de la web.<br \/>\n<strong>Cookies de personalitzaci\u00f3<\/strong>\u00a0que permeten a lusuari accedir als serveis segons les seves prefer\u00e8ncies (idioma, navegador, configuraci\u00f3, etc.).<br \/>\n<strong>Cookies de publicitat\u00a0personalitzada<\/strong> que permeten la gesti\u00f3 dels espais publicitaris de la web en base al comportament i els h\u00e0bits de navegaci\u00f3 de l&#8217;usuari, d&#8217;on s&#8217;obt\u00e9 el seu perfil i aquest fet permet personalitzar la publicitat que es mostra al navegador de l&#8217;usuari.<br \/>\n<strong>Cookies d&#8217;an\u00e0lisi<\/strong> que permeten l&#8217;an\u00e0lisi an\u00f2nima del comportament dels usuaris de la web i que permeten mesurar l&#8217;activitat de l&#8217;usuari i elaborar perfils de navegaci\u00f3 amb l&#8217;objectiu objectiu de millorar els llocs web.<\/p>\n<p>Utilitzem \u00fanicament galetes t\u00e8cniques, de personalitzaci\u00f3 i an\u00e0lisi, pr\u00f2pies i de tercers, que en cap cas tracten dades de car\u00e0cter personal ni capten h\u00e0bits de navegaci\u00f3 per a finalitats publicit\u00e0ries.<\/p>\n<p>De tota manera, us informem que podeu activar o desactivar aquestes cookies seguint les instruccions del vostre navegador d&#8217;Internet:<\/p>\n<p><strong>\/ Chrome<\/strong>, des de\u00a0<a href=\"http:\/\/support.google.com\/chrome\/bin\/answer.py?hl=es&amp;answer=95647\" target=\"_blank\" rel=\"noopener\">http:\/\/support.google.com\/chrome\/bin\/answer.py?hl=es&amp;answer=95647<\/a><br \/>\n<strong>\/<\/strong>\u00a0<strong>Explorer<\/strong>, des de\u00a0<a href=\"http:\/\/windows.microsoft.com\/es-es\/windows7\/how-to-manage-cookies-in-internet-explorer-9\" target=\"_blank\" rel=\"noopener\">http:\/\/windows.microsoft.com\/es-es\/windows7\/how-to-manage-cookies-in-internet-explorer-9<\/a><br \/>\n<strong>\/\u00a0Firefox<\/strong>, des de\u00a0<a href=\"http:\/\/support.mozilla.org\/es\/kb\/habilitar-y-deshabilitar-cookies-que-los-sitios-we\" target=\"_blank\" rel=\"noopener\">http:\/\/support.mozilla.org\/es\/kb\/habilitar-y-deshabilitar-cookies-que-los-sitios-we<\/a><br \/>\n<strong>\/ Safari<\/strong>, des de\u00a0<a href=\"http:\/\/support.apple.com\/kb\/ph5042\" target=\"_blank\" rel=\"noopener\">http:\/\/support.apple.com\/kb\/ph5042<\/a><\/p>\n<p>Si te dubtes sobre aquesta pol\u00edtica de cookies, pot contactar amb\u00a0<a href=\"mailto:rfee@esgrima.es\">fce@esgrima.cat<\/a><\/p>\n<p>&nbsp;<\/p>\n","protected":false},"excerpt":{"rendered":"<p>Les cookies s\u00f3n informacions breus que s&#8217;envien i s&#8217;emmagatzemen al disc dur de l&#8217;ordinador de l&#8217;usuari a trav\u00e9s del seu navegador quan aquest es connecta&hellip;<\/p>\n<p><a href=\"https:\/\/events.esgrima.cat\/sabadell\/politica-de-cookies-ca\/\" class=\"read-more-link\"><span class=\"read-more-icon\"><\/span>Read more<\/a><\/p>\n","protected":false},"author":2,"featured_media":0,"parent":0,"menu_order":0,"comment_status":"closed","ping_status":"closed","template":"","meta":{"footnotes":""},"class_list":["post-752","page","type-page","status-publish","hentry"],"_links":{"self":[{"href":"https:\/\/events.esgrima.cat\/sabadell\/wp-json\/wp\/v2\/pages\/752","targetHints":{"allow":["GET"]}}],"collection":[{"href":"https:\/\/events.esgrima.cat\/sabadell\/wp-json\/wp\/v2\/pages"}],"about":[{"href":"https:\/\/events.esgrima.cat\/sabadell\/wp-json\/wp\/v2\/types\/page"}],"author":[{"embeddable":true,"href":"https:\/\/events.esgrima.cat\/sabadell\/wp-json\/wp\/v2\/users\/2"}],"replies":[{"embeddable":true,"href":"https:\/\/events.esgrima.cat\/sabadell\/wp-json\/wp\/v2\/comments?post=752"}],"version-history":[{"count":4,"href":"https:\/\/events.esgrima.cat\/sabadell\/wp-json\/wp\/v2\/pages\/752\/revisions"}],"predecessor-version":[{"id":1087,"href":"https:\/\/events.esgrima.cat\/sabadell\/wp-json\/wp\/v2\/pages\/752\/revisions\/1087"}],"wp:attachment":[{"href":"https:\/\/events.esgrima.cat\/sabadell\/wp-json\/wp\/v2\/media?parent=752"}],"curies":[{"name":"wp","href":"https:\/\/api.w.org\/{rel}","templated":true}]}}