{"id":983,"date":"2022-01-24T18:32:06","date_gmt":"2022-01-24T17:32:06","guid":{"rendered":"https:\/\/events.esgrima.cat\/ciutatbarcelona\/?page_id=983"},"modified":"2025-09-04T11:21:40","modified_gmt":"2025-09-04T09:21:40","slug":"presentation-2","status":"publish","type":"page","link":"https:\/\/events.esgrima.cat\/sabadell\/es\/presentation-2\/","title":{"rendered":"Presentaci\u00f3n"},"content":{"rendered":"<p>[vc_row][vc_column][vc_column_text]El 25 de octubre de 2025 tendr\u00e1 lugar una nueva edici\u00f3n de la <strong>COPA DEL MUNDO SAT\u00c9LITE DE ESGRIMA SABADELL, <\/strong>prueba oficial del circuito internacional de esgrima en la modalidad de florete masculino y femenino senior.<\/p>\n<p>Aprovechando este fant\u00e1stico escenario y el \u00e9xito de las ediciones anteriores, se organiza una vez m\u00e1s el <strong>OPEN INTERNACIONAL<\/strong>, prueba de florete senior, en modalidad masculina y femenina. La competici\u00f3n forma parte del R\u00e1nquing Estatal, con inscripci\u00f3n abierta a tiradores internacionales.<\/p>\n<p>&nbsp;<\/p>\n<p>La Federaci\u00f3 Catalana d\u2019Esgrima, el Club d\u2019Esgrima Sabadell y la Real Federaci\u00f3n Espa\u00f1ola de Esgrima, con la colaboraci\u00f3n del Ayuntamiento de Sabadell, el Consell Catal\u00e0 de l\u2019Esport y la Uni\u00f3 de Federacions Esportives de Catalunya, organizan esta prestigiosa competici\u00f3n.[\/vc_column_text][\/vc_column][\/vc_row]<\/p>\n","protected":false},"excerpt":{"rendered":"<p>[vc_row][vc_column][vc_column_text]El 25 de octubre de 2025 tendr\u00e1 lugar una nueva edici\u00f3n de la COPA DEL MUNDO SAT\u00c9LITE DE ESGRIMA SABADELL, prueba oficial del circuito internacional&hellip;<\/p>\n<p><a href=\"https:\/\/events.esgrima.cat\/sabadell\/es\/presentation-2\/\" class=\"read-more-link\"><span class=\"read-more-icon\"><\/span>Read more<\/a><\/p>\n","protected":false},"author":6,"featured_media":0,"parent":0,"menu_order":0,"comment_status":"closed","ping_status":"closed","template":"","meta":{"footnotes":""},"class_list":["post-983","page","type-page","status-publish","hentry"],"_links":{"self":[{"href":"https:\/\/events.esgrima.cat\/sabadell\/wp-json\/wp\/v2\/pages\/983","targetHints":{"allow":["GET"]}}],"collection":[{"href":"https:\/\/events.esgrima.cat\/sabadell\/wp-json\/wp\/v2\/pages"}],"about":[{"href":"https:\/\/events.esgrima.cat\/sabadell\/wp-json\/wp\/v2\/types\/page"}],"author":[{"embeddable":true,"href":"https:\/\/events.esgrima.cat\/sabadell\/wp-json\/wp\/v2\/users\/6"}],"replies":[{"embeddable":true,"href":"https:\/\/events.esgrima.cat\/sabadell\/wp-json\/wp\/v2\/comments?post=983"}],"version-history":[{"count":9,"href":"https:\/\/events.esgrima.cat\/sabadell\/wp-json\/wp\/v2\/pages\/983\/revisions"}],"predecessor-version":[{"id":2251,"href":"https:\/\/events.esgrima.cat\/sabadell\/wp-json\/wp\/v2\/pages\/983\/revisions\/2251"}],"wp:attachment":[{"href":"https:\/\/events.esgrima.cat\/sabadell\/wp-json\/wp\/v2\/media?parent=983"}],"curies":[{"name":"wp","href":"https:\/\/api.w.org\/{rel}","templated":true}]}}